{"id":1079,"date":"2023-12-04T13:50:31","date_gmt":"2023-12-04T11:50:31","guid":{"rendered":"https:\/\/www.oxygendevelopment.eu\/know-how\/"},"modified":"2026-01-23T15:27:05","modified_gmt":"2026-01-23T13:27:05","slug":"know-how","status":"publish","type":"page","link":"https:\/\/www.oxygendevelopment.eu\/it\/know-how\/","title":{"rendered":"Know how"},"content":{"rendered":"\t\t<div data-elementor-type=\"wp-page\" data-elementor-id=\"1079\" class=\"elementor elementor-1079 elementor-476\">\n\t\t\t\t<div class=\"elementor-element elementor-element-7d05a41 animated-slow e-flex e-con-boxed elementor-invisible e-con e-parent\" data-id=\"7d05a41\" data-element_type=\"container\" data-settings=\"{&quot;animation&quot;:&quot;fadeIn&quot;,&quot;animation_delay&quot;:300}\">\n\t\t\t\t\t<div class=\"e-con-inner\">\n\t\t<div class=\"elementor-element elementor-element-5b4ea25 e-con-full elementor-hidden-tablet elementor-hidden-mobile e-flex e-con e-child\" data-id=\"5b4ea25\" data-element_type=\"container\">\n\t\t<div class=\"elementor-element elementor-element-4afb38d animated-slow e-flex e-con-boxed elementor-invisible e-con e-child\" data-id=\"4afb38d\" data-element_type=\"container\" data-settings=\"{&quot;background_background&quot;:&quot;slideshow&quot;,&quot;animation&quot;:&quot;fadeIn&quot;,&quot;animation_delay&quot;:300,&quot;background_slideshow_gallery&quot;:[{&quot;id&quot;:1221,&quot;url&quot;:&quot;https:\\\/\\\/www.oxygendevelopment.eu\\\/wp-content\\\/uploads\\\/2025\\\/05\\\/know-how10.jpg&quot;},{&quot;id&quot;:1218,&quot;url&quot;:&quot;https:\\\/\\\/www.oxygendevelopment.eu\\\/wp-content\\\/uploads\\\/2025\\\/05\\\/know-how9.jpg&quot;},{&quot;id&quot;:1215,&quot;url&quot;:&quot;https:\\\/\\\/www.oxygendevelopment.eu\\\/wp-content\\\/uploads\\\/2025\\\/05\\\/know-how8.jpg&quot;},{&quot;id&quot;:1212,&quot;url&quot;:&quot;https:\\\/\\\/www.oxygendevelopment.eu\\\/wp-content\\\/uploads\\\/2025\\\/05\\\/know-how7.jpg&quot;},{&quot;id&quot;:1209,&quot;url&quot;:&quot;https:\\\/\\\/www.oxygendevelopment.eu\\\/wp-content\\\/uploads\\\/2025\\\/05\\\/know-how6.jpg&quot;},{&quot;id&quot;:1206,&quot;url&quot;:&quot;https:\\\/\\\/www.oxygendevelopment.eu\\\/wp-content\\\/uploads\\\/2025\\\/05\\\/know-how5.jpg&quot;},{&quot;id&quot;:1203,&quot;url&quot;:&quot;https:\\\/\\\/www.oxygendevelopment.eu\\\/wp-content\\\/uploads\\\/2025\\\/05\\\/know-how4.jpg&quot;},{&quot;id&quot;:1200,&quot;url&quot;:&quot;https:\\\/\\\/www.oxygendevelopment.eu\\\/wp-content\\\/uploads\\\/2025\\\/05\\\/know-how3.jpg&quot;},{&quot;id&quot;:1197,&quot;url&quot;:&quot;https:\\\/\\\/www.oxygendevelopment.eu\\\/wp-content\\\/uploads\\\/2025\\\/05\\\/know-how2.jpg&quot;},{&quot;id&quot;:1194,&quot;url&quot;:&quot;https:\\\/\\\/www.oxygendevelopment.eu\\\/wp-content\\\/uploads\\\/2025\\\/05\\\/know-how1.jpg&quot;}],&quot;background_slideshow_slide_duration&quot;:1000,&quot;background_slideshow_loop&quot;:&quot;yes&quot;,&quot;background_slideshow_slide_transition&quot;:&quot;fade&quot;,&quot;background_slideshow_transition_duration&quot;:500}\">\n\t\t\t\t\t<div class=\"e-con-inner\">\n\t\t\t\t\t<\/div>\n\t\t\t\t<\/div>\n\t\t<div class=\"elementor-element elementor-element-f01209c animated-slow e-flex e-con-boxed elementor-invisible e-con e-child\" data-id=\"f01209c\" data-element_type=\"container\" data-settings=\"{&quot;background_background&quot;:&quot;classic&quot;,&quot;animation&quot;:&quot;fadeIn&quot;,&quot;animation_delay&quot;:400}\">\n\t\t\t\t\t<div class=\"e-con-inner\">\n\t\t\t\t<div class=\"elementor-element elementor-element-4e714fe elementor-widget elementor-widget-heading\" data-id=\"4e714fe\" data-element_type=\"widget\" data-widget_type=\"heading.default\">\n\t\t\t\t<div class=\"elementor-widget-container\">\n\t\t\t\t\t<h3 class=\"elementor-heading-title elementor-size-default\">KNOW HOW<\/h3>\t\t\t\t<\/div>\n\t\t\t\t<\/div>\n\t\t\t\t<div class=\"elementor-element elementor-element-d4994ad scrollable-text elementor-widget elementor-widget-text-editor\" data-id=\"d4994ad\" data-element_type=\"widget\" data-widget_type=\"text-editor.default\">\n\t\t\t\t<div class=\"elementor-widget-container\">\n\t\t\t\t\t\t\t\t\t<p><strong>LA NOSTRA FILOSOFIA<\/strong><\/p><p>In Oxygen Development crediamo nell\u2019eccellenza e nell\u2019innovazione. Ci impegniamo continuamente per la creazione e lo sviluppo di prodotti non convenzionali, in grado di contraddistinguere noi e i nostri clienti.<\/p><p>Costruiamo rapporti duraturi lavorando a stretto contatto con i nostri clienti per personalizzare idee di prodotto che possano rappresentare al meglio la loro brand identity e la loro brand image, rafforzandone il posizionamento sul mercato. Offriamo un\u2019eccezionale gamma di servizi professionali e affidabili come marketing creativo e strategico e presentazioni di tendenze e forecast di mercato, oltre ad offrire supportare dal punto di vista normativo; il tutto ci consente di dare valore aggiunto allo standard di sviluppo prodotto, sempre pensando ai bisogni dei nostri clienti.<\/p><p><strong>QUALIT\u00c0<\/strong><\/p><p>La qualit\u00e0 di Oxygen Development \u00e8 il risultato del lavoro accurato di un team di esperti.<\/p><p>Il controllo qualit\u00e0 accompagna la produzione in ogni stadio, dall\u2019arrivo della nuova merce alla manifattura, al riempimento, al completamento del prodotto e all\u2019invio e fino alla consegna ai nostri clienti. Tramite il perfetto equilibrio tra flusso di lavoro e continuo controllo si ottengono prodotti di eccellente qualit\u00e0.<\/p><p>Lavoriamo secondo il regolamento cosmetico GMP, rispettando le pi\u00f9 recenti richieste Europee per le regolamentazioni cosmetiche. Inoltre, da Maggio 2014 abbiamo ottenuto la certificazione IFS-HPC sottostando ai suoi alti standard.<\/p><p><strong>SOSTENIBILIT\u00c0<\/strong><\/p><p>Quando sviluppiamo i nostri prodotti miriamo a creare un equilibrio tra sostenibilit\u00e0 ecologica ed economica.<\/p><p>Le risorse naturali sono limitate, per questo dovremmo prendercene cura e dare la possibilit\u00e0 alle generazioni future di continuare a trarne beneficio. Il nostro obiettivo \u00e8 quello di combinare la nostra responsabilit\u00e0 sociale con il necessario risultato economico e la protezione dell\u2019ambiente.<\/p><p>Abbiamo progredito in modo significativo nel nostro impegno verso la sostenibilit\u00e0: la nostra sede principale negli Stati Uniti, i nostri impianti di produzione, e gli stabilimenti collocati in tutto il mondo (Germania, Polonia, Italia, Repubblica Domenicana, e Sud Corea) hanno aumentato in modo sostanziale la strategia verso la sostenibilit\u00e0, raggiungendo gli obiettivi prestabiliti e nutrendo continuamente la cultura di una bellezza sempre pi\u00f9 innovativa ed inclusiva.<\/p><p>Abbiamo lavorato duramente per ridurre il nostro impatto ambientale, aumentando l\u2019efficienza di tutta la supply chain, riducendo le emissioni ed il consumo di acqua ed aumentando la circolarit\u00e0 della produzione e del packaging.<\/p><p>Impariamo e miglioriamo continuamente, e questo impegno \u00e8 cruciale per il nostro successo poich\u00e9 lavoriamo appositamente per fare in modo che i nostri prodotti e la nostra strategia rispettino sempre le nostre ambizioni di sostenibilit\u00e0.<\/p>\t\t\t\t\t\t\t\t<\/div>\n\t\t\t\t<\/div>\n\t\t\t\t\t<\/div>\n\t\t\t\t<\/div>\n\t\t\t\t<\/div>\n\t\t<div class=\"elementor-element elementor-element-829e8e3 e-con-full elementor-hidden-desktop e-flex e-con e-child\" data-id=\"829e8e3\" data-element_type=\"container\">\n\t\t<div class=\"elementor-element elementor-element-5758da0 animated-slow e-flex e-con-boxed elementor-invisible e-con e-child\" data-id=\"5758da0\" data-element_type=\"container\" data-settings=\"{&quot;background_background&quot;:&quot;classic&quot;,&quot;animation&quot;:&quot;fadeIn&quot;,&quot;animation_delay&quot;:300}\">\n\t\t\t\t\t<div class=\"e-con-inner\">\n\t\t<div class=\"elementor-element elementor-element-4018e72 animated-slow e-flex e-con-boxed elementor-invisible e-con e-child\" data-id=\"4018e72\" data-element_type=\"container\" data-settings=\"{&quot;background_background&quot;:&quot;slideshow&quot;,&quot;animation&quot;:&quot;fadeIn&quot;,&quot;animation_delay&quot;:400,&quot;background_slideshow_gallery&quot;:[{&quot;id&quot;:1221,&quot;url&quot;:&quot;https:\\\/\\\/www.oxygendevelopment.eu\\\/wp-content\\\/uploads\\\/2025\\\/05\\\/know-how10.jpg&quot;},{&quot;id&quot;:1218,&quot;url&quot;:&quot;https:\\\/\\\/www.oxygendevelopment.eu\\\/wp-content\\\/uploads\\\/2025\\\/05\\\/know-how9.jpg&quot;},{&quot;id&quot;:1215,&quot;url&quot;:&quot;https:\\\/\\\/www.oxygendevelopment.eu\\\/wp-content\\\/uploads\\\/2025\\\/05\\\/know-how8.jpg&quot;},{&quot;id&quot;:1212,&quot;url&quot;:&quot;https:\\\/\\\/www.oxygendevelopment.eu\\\/wp-content\\\/uploads\\\/2025\\\/05\\\/know-how7.jpg&quot;},{&quot;id&quot;:1209,&quot;url&quot;:&quot;https:\\\/\\\/www.oxygendevelopment.eu\\\/wp-content\\\/uploads\\\/2025\\\/05\\\/know-how6.jpg&quot;},{&quot;id&quot;:1206,&quot;url&quot;:&quot;https:\\\/\\\/www.oxygendevelopment.eu\\\/wp-content\\\/uploads\\\/2025\\\/05\\\/know-how5.jpg&quot;},{&quot;id&quot;:1203,&quot;url&quot;:&quot;https:\\\/\\\/www.oxygendevelopment.eu\\\/wp-content\\\/uploads\\\/2025\\\/05\\\/know-how4.jpg&quot;},{&quot;id&quot;:1200,&quot;url&quot;:&quot;https:\\\/\\\/www.oxygendevelopment.eu\\\/wp-content\\\/uploads\\\/2025\\\/05\\\/know-how3.jpg&quot;},{&quot;id&quot;:1197,&quot;url&quot;:&quot;https:\\\/\\\/www.oxygendevelopment.eu\\\/wp-content\\\/uploads\\\/2025\\\/05\\\/know-how2.jpg&quot;},{&quot;id&quot;:1194,&quot;url&quot;:&quot;https:\\\/\\\/www.oxygendevelopment.eu\\\/wp-content\\\/uploads\\\/2025\\\/05\\\/know-how1.jpg&quot;}],&quot;background_slideshow_slide_duration&quot;:1000,&quot;background_slideshow_loop&quot;:&quot;yes&quot;,&quot;background_slideshow_slide_transition&quot;:&quot;fade&quot;,&quot;background_slideshow_transition_duration&quot;:500}\">\n\t\t\t\t\t<div class=\"e-con-inner\">\n\t\t\t\t\t<\/div>\n\t\t\t\t<\/div>\n\t\t<div class=\"elementor-element elementor-element-1f49201 animated-slow e-flex e-con-boxed elementor-invisible e-con e-child\" data-id=\"1f49201\" data-element_type=\"container\" data-settings=\"{&quot;background_background&quot;:&quot;classic&quot;,&quot;animation&quot;:&quot;fadeIn&quot;,&quot;animation_delay&quot;:400}\">\n\t\t\t\t\t<div class=\"e-con-inner\">\n\t\t\t\t<div class=\"elementor-element elementor-element-363266d elementor-widget elementor-widget-heading\" data-id=\"363266d\" data-element_type=\"widget\" data-widget_type=\"heading.default\">\n\t\t\t\t<div class=\"elementor-widget-container\">\n\t\t\t\t\t<h3 class=\"elementor-heading-title elementor-size-default\">KNOW HOW<\/h3>\t\t\t\t<\/div>\n\t\t\t\t<\/div>\n\t\t\t\t<div class=\"elementor-element elementor-element-449c5ad scrollable-text elementor-widget elementor-widget-text-editor\" data-id=\"449c5ad\" data-element_type=\"widget\" data-widget_type=\"text-editor.default\">\n\t\t\t\t<div class=\"elementor-widget-container\">\n\t\t\t\t\t\t\t\t\t<p><strong>LA NOSTRA FILOSOFIA<\/strong><\/p><p>In Oxygen Development crediamo nell\u2019eccellenza e nell\u2019innovazione. Ci impegniamo continuamente per la creazione e lo sviluppo di prodotti non convenzionali, in grado di contraddistinguere noi e i nostri clienti.<\/p><p>Costruiamo rapporti duraturi lavorando a stretto contatto con i nostri clienti per personalizzare idee di prodotto che possano rappresentare al meglio la loro brand identity e la loro brand image, rafforzandone il posizionamento sul mercato. Offriamo un\u2019eccezionale gamma di servizi professionali e affidabili come marketing creativo e strategico e presentazioni di tendenze e forecast di mercato, oltre ad offrire supportare dal punto di vista normativo; il tutto ci consente di dare valore aggiunto allo standard di sviluppo prodotto, sempre pensando ai bisogni dei nostri clienti.<\/p><p><strong>QUALIT\u00c0<\/strong><\/p><p>La qualit\u00e0 di Oxygen Development \u00e8 il risultato del lavoro accurato di un team di esperti.<\/p><p>Il controllo qualit\u00e0 accompagna la produzione in ogni stadio, dall\u2019arrivo della nuova merce alla manifattura, al riempimento, al completamento del prodotto e all\u2019invio e fino alla consegna ai nostri clienti. Tramite il perfetto equilibrio tra flusso di lavoro e continuo controllo si ottengono prodotti di eccellente qualit\u00e0.<\/p><p>Lavoriamo secondo il regolamento cosmetico GMP, rispettando le pi\u00f9 recenti richieste Europee per le regolamentazioni cosmetiche. Inoltre, da Maggio 2014 abbiamo ottenuto la certificazione IFS-HPC sottostando ai suoi alti standard.<\/p><p><strong>SOSTENIBILIT\u00c0<\/strong><\/p><p>Quando sviluppiamo i nostri prodotti miriamo a creare un equilibrio tra sostenibilit\u00e0 ecologica ed economica.<\/p><p>Le risorse naturali sono limitate, per questo dovremmo prendercene cura e dare la possibilit\u00e0 alle generazioni future di continuare a trarne beneficio. Il nostro obiettivo \u00e8 quello di combinare la nostra responsabilit\u00e0 sociale con il necessario risultato economico e la protezione dell\u2019ambiente.<\/p><p>Abbiamo progredito in modo significativo nel nostro impegno verso la sostenibilit\u00e0: la nostra sede principale negli Stati Uniti, i nostri impianti di produzione, e gli stabilimenti collocati in tutto il mondo (Germania, Polonia, Italia, Repubblica Domenicana, e Sud Corea) hanno aumentato in modo sostanziale la strategia verso la sostenibilit\u00e0, raggiungendo gli obiettivi prestabiliti e nutrendo continuamente la cultura di una bellezza sempre pi\u00f9 innovativa ed inclusiva.<\/p><p>Abbiamo lavorato duramente per ridurre il nostro impatto ambientale, aumentando l\u2019efficienza di tutta la supply chain, riducendo le emissioni ed il consumo di acqua ed aumentando la circolarit\u00e0 della produzione e del packaging.<\/p><p>Impariamo e miglioriamo continuamente, e questo impegno \u00e8 cruciale per il nostro successo poich\u00e9 lavoriamo appositamente per fare in modo che i nostri prodotti e la nostra strategia rispettino sempre le nostre ambizioni di sostenibilit\u00e0.<\/p>\t\t\t\t\t\t\t\t<\/div>\n\t\t\t\t<\/div>\n\t\t\t\t\t<\/div>\n\t\t\t\t<\/div>\n\t\t\t\t\t<\/div>\n\t\t\t\t<\/div>\n\t\t\t\t<\/div>\n\t\t\t\t\t<\/div>\n\t\t\t\t<\/div>\n\t\t\t\t<\/div>\n\t\t","protected":false},"excerpt":{"rendered":"<p>KNOW HOW LA NOSTRA FILOSOFIA In Oxygen Development crediamo nell\u2019eccellenza e nell\u2019innovazione. Ci impegniamo continuamente per la creazione e lo sviluppo di prodotti non convenzionali, in grado di contraddistinguere noi e i nostri clienti. Costruiamo rapporti duraturi lavorando a stretto contatto con i nostri clienti per personalizzare idee di prodotto che possano rappresentare al meglio [&hellip;]<\/p>\n","protected":false},"author":1,"featured_media":0,"parent":0,"menu_order":0,"comment_status":"closed","ping_status":"closed","template":"","meta":{"site-sidebar-layout":"no-sidebar","site-content-layout":"","ast-site-content-layout":"full-width-container","site-content-style":"default","site-sidebar-style":"default","ast-global-header-display":"","ast-banner-title-visibility":"","ast-main-header-display":"","ast-hfb-above-header-display":"","ast-hfb-below-header-display":"","ast-hfb-mobile-header-display":"","site-post-title":"disabled","ast-breadcrumbs-content":"","ast-featured-img":"disabled","footer-sml-layout":"","theme-transparent-header-meta":"","adv-header-id-meta":"","stick-header-meta":"","header-above-stick-meta":"","header-main-stick-meta":"","header-below-stick-meta":"","astra-migrate-meta-layouts":"default","ast-page-background-enabled":"default","ast-page-background-meta":{"desktop":{"background-color":"var(--ast-global-color-4)","background-image":"","background-repeat":"repeat","background-position":"center center","background-size":"auto","background-attachment":"scroll","background-type":"","background-media":"","overlay-type":"","overlay-color":"","overlay-opacity":"","overlay-gradient":""},"tablet":{"background-color":"","background-image":"","background-repeat":"repeat","background-position":"center center","background-size":"auto","background-attachment":"scroll","background-type":"","background-media":"","overlay-type":"","overlay-color":"","overlay-opacity":"","overlay-gradient":""},"mobile":{"background-color":"","background-image":"","background-repeat":"repeat","background-position":"center center","background-size":"auto","background-attachment":"scroll","background-type":"","background-media":"","overlay-type":"","overlay-color":"","overlay-opacity":"","overlay-gradient":""}},"ast-content-background-meta":{"desktop":{"background-color":"var(--ast-global-color-5)","background-image":"","background-repeat":"repeat","background-position":"center center","background-size":"auto","background-attachment":"scroll","background-type":"","background-media":"","overlay-type":"","overlay-color":"","overlay-opacity":"","overlay-gradient":""},"tablet":{"background-color":"var(--ast-global-color-5)","background-image":"","background-repeat":"repeat","background-position":"center center","background-size":"auto","background-attachment":"scroll","background-type":"","background-media":"","overlay-type":"","overlay-color":"","overlay-opacity":"","overlay-gradient":""},"mobile":{"background-color":"var(--ast-global-color-5)","background-image":"","background-repeat":"repeat","background-position":"center center","background-size":"auto","background-attachment":"scroll","background-type":"","background-media":"","overlay-type":"","overlay-color":"","overlay-opacity":"","overlay-gradient":""}},"footnotes":""},"class_list":["post-1079","page","type-page","status-publish","hentry"],"_links":{"self":[{"href":"https:\/\/www.oxygendevelopment.eu\/it\/wp-json\/wp\/v2\/pages\/1079","targetHints":{"allow":["GET"]}}],"collection":[{"href":"https:\/\/www.oxygendevelopment.eu\/it\/wp-json\/wp\/v2\/pages"}],"about":[{"href":"https:\/\/www.oxygendevelopment.eu\/it\/wp-json\/wp\/v2\/types\/page"}],"author":[{"embeddable":true,"href":"https:\/\/www.oxygendevelopment.eu\/it\/wp-json\/wp\/v2\/users\/1"}],"replies":[{"embeddable":true,"href":"https:\/\/www.oxygendevelopment.eu\/it\/wp-json\/wp\/v2\/comments?post=1079"}],"version-history":[{"count":24,"href":"https:\/\/www.oxygendevelopment.eu\/it\/wp-json\/wp\/v2\/pages\/1079\/revisions"}],"predecessor-version":[{"id":1499,"href":"https:\/\/www.oxygendevelopment.eu\/it\/wp-json\/wp\/v2\/pages\/1079\/revisions\/1499"}],"wp:attachment":[{"href":"https:\/\/www.oxygendevelopment.eu\/it\/wp-json\/wp\/v2\/media?parent=1079"}],"curies":[{"name":"wp","href":"https:\/\/api.w.org\/{rel}","templated":true}]}}