{"id":1059,"date":"2023-12-04T13:19:40","date_gmt":"2023-12-04T11:19:40","guid":{"rendered":"https:\/\/www.oxygendevelopment.eu\/company\/"},"modified":"2026-03-18T18:40:33","modified_gmt":"2026-03-18T16:40:33","slug":"company","status":"publish","type":"page","link":"https:\/\/www.oxygendevelopment.eu\/it\/company\/","title":{"rendered":"Company"},"content":{"rendered":"\t\t<div data-elementor-type=\"wp-page\" data-elementor-id=\"1059\" class=\"elementor elementor-1059 elementor-436\">\n\t\t\t\t<div class=\"elementor-element elementor-element-fe3ecaf animated-slow e-flex e-con-boxed elementor-invisible e-con e-parent\" data-id=\"fe3ecaf\" data-element_type=\"container\" data-settings=\"{&quot;animation&quot;:&quot;fadeIn&quot;,&quot;animation_delay&quot;:300}\">\n\t\t\t\t\t<div class=\"e-con-inner\">\n\t\t<div class=\"elementor-element elementor-element-f629145 e-con-full elementor-hidden-tablet elementor-hidden-mobile e-flex e-con e-child\" data-id=\"f629145\" data-element_type=\"container\">\n\t\t<div class=\"elementor-element elementor-element-ce22218 animated-slow e-flex e-con-boxed elementor-invisible e-con e-child\" data-id=\"ce22218\" data-element_type=\"container\" data-settings=\"{&quot;background_background&quot;:&quot;slideshow&quot;,&quot;animation&quot;:&quot;fadeIn&quot;,&quot;animation_delay&quot;:300,&quot;background_slideshow_gallery&quot;:[{&quot;id&quot;:1429,&quot;url&quot;:&quot;https:\\\/\\\/www.oxygendevelopment.eu\\\/wp-content\\\/uploads\\\/2026\\\/01\\\/1-italy.jpg&quot;},{&quot;id&quot;:1432,&quot;url&quot;:&quot;https:\\\/\\\/www.oxygendevelopment.eu\\\/wp-content\\\/uploads\\\/2026\\\/01\\\/2-germany.jpg&quot;},{&quot;id&quot;:1435,&quot;url&quot;:&quot;https:\\\/\\\/www.oxygendevelopment.eu\\\/wp-content\\\/uploads\\\/2026\\\/01\\\/3-usa.jpg&quot;},{&quot;id&quot;:1438,&quot;url&quot;:&quot;https:\\\/\\\/www.oxygendevelopment.eu\\\/wp-content\\\/uploads\\\/2026\\\/01\\\/4-usa-2.jpg&quot;},{&quot;id&quot;:1563,&quot;url&quot;:&quot;https:\\\/\\\/www.oxygendevelopment.eu\\\/wp-content\\\/uploads\\\/2026\\\/03\\\/Poland-buildings-2-scaled.jpg&quot;},{&quot;id&quot;:1444,&quot;url&quot;:&quot;https:\\\/\\\/www.oxygendevelopment.eu\\\/wp-content\\\/uploads\\\/2026\\\/01\\\/6-dominican-republic.jpg&quot;},{&quot;id&quot;:1447,&quot;url&quot;:&quot;https:\\\/\\\/www.oxygendevelopment.eu\\\/wp-content\\\/uploads\\\/2026\\\/01\\\/7-south-korea.jpg&quot;}],&quot;background_slideshow_slide_duration&quot;:1000,&quot;background_slideshow_loop&quot;:&quot;yes&quot;,&quot;background_slideshow_slide_transition&quot;:&quot;fade&quot;,&quot;background_slideshow_transition_duration&quot;:500}\">\n\t\t\t\t\t<div class=\"e-con-inner\">\n\t\t\t\t\t<\/div>\n\t\t\t\t<\/div>\n\t\t<div class=\"elementor-element elementor-element-2d43b62 animated-slow e-flex e-con-boxed elementor-invisible e-con e-child\" data-id=\"2d43b62\" data-element_type=\"container\" data-settings=\"{&quot;background_background&quot;:&quot;classic&quot;,&quot;animation&quot;:&quot;fadeIn&quot;,&quot;animation_delay&quot;:400}\">\n\t\t\t\t\t<div class=\"e-con-inner\">\n\t\t\t\t<div class=\"elementor-element elementor-element-8e4941d elementor-widget elementor-widget-heading\" data-id=\"8e4941d\" data-element_type=\"widget\" data-widget_type=\"heading.default\">\n\t\t\t\t<div class=\"elementor-widget-container\">\n\t\t\t\t\t<h3 class=\"elementor-heading-title elementor-size-default\">COMPANY<\/h3>\t\t\t\t<\/div>\n\t\t\t\t<\/div>\n\t\t\t\t<div class=\"elementor-element elementor-element-e071624 scrollable-text elementor-widget elementor-widget-text-editor\" data-id=\"e071624\" data-element_type=\"widget\" data-widget_type=\"text-editor.default\">\n\t\t\t\t<div class=\"elementor-widget-container\">\n\t\t\t\t\t\t\t\t\t<p>Oxygen Development \u00e8 un leader mondiale nello sviluppo e nella produzione di cosmetici di alta qualit\u00e0 per i settori make-up, skincare, hair care, bath &amp; body care e OTC e nutraceutica.<\/p><p>La sede principale, situata nel sud della Florida con una superficie di 35.000m<sup>2<\/sup>, \u00e8 una struttura all\u2019avanguardia, conforme alle normative FDA\/OTC per la produzione e lo stoccaggio di prodotti per la bellezza e il benessere.<\/p><p>Dal 2002, anno della sua fondazione, Oxygen Development ha seguito un percorso costante di espansione che ha portato fino a \u201cCare Full Colors Kosmetik Produktions GmbH\u201d, una consolidata azienda di produzione cosmetica con sede a Burgwedel, Germania.<\/p><p>Fondata nel 1979 dalla compagnia americana Cosmolab e acquistata da Kurt Pilchowski nel 1991, Care Full Colors ha per anni vissuto un considerevole sviluppo, creando partnership con numerose aziende cosmetiche in Europa fino al primo settembre 2015, quando Oxygen Development ha annunciato l\u2019acquisizione delle quote di maggioranza della societ\u00e0. Questo passo \u00e8 stato l\u2019inizio di un nuovo percorso finalizzato all\u2019affermazione e alla creazione di <strong>Oxygen Development Europe: <\/strong>un successo basato sull\u2019offerta di prodotti cosmetici di ultima generazione ed un servizio clienti di prima qualit\u00e0 in grado di supportare i clienti nello sviluppo di nuovi prodotti fino a velocizzarne il processo di inserimento sul mercato.<\/p><p>A prova dell\u2019affidabilit\u00e0 di Oxygen Development Europe come partner di sviluppo e crescita, un ulteriore passo \u00e8 stato fatto per garantire supporto aggiuntivo ai clienti, aumentando le capacit\u00e0 produttive e di riempimento: il Primo Maggio del 2018, \u00e8 stata dunque acquisita l\u2019azienda Prodak Kosmetik, realt\u00e0 consolidata per il riempimento e l\u2019assemblaggio di cosmetici situata a Walbrzych, Polonia e poi rinominata <strong>Oxygen Development Europe \u2013 Poland<\/strong>.<\/p><p>Un&#8217;altra milestone \u00e8 stata poi raggiunta nel 2017, con la creazione di <strong>Oxygen Innovation<\/strong>: un centro di ricerca e innovazione con sede a Crema, Italia. All\u2019interno di Oxygen Innovation si trova un team altamente competente focalizzato su formulazioni e tecnologie all\u2019avanguardia oltre che allo sviluppo di concetti di prodotto innovativi, decisi a modellare il contesto del settore beauty.<\/p><p>Questo sito si trova oggi su una superficie di 1.900m<sup>2<\/sup>, ma la realt\u00e0 italiana ha in previsione la realizzazione di uno stabilimento di produzione makeup che andr\u00e0 a ricoprire un\u2019area totale di 4.400m<sup>2<\/sup>; ci\u00f2 aumenter\u00e0 non solo le capacit\u00e0 produttive del gruppo Oxygen Development, ma anche il suo potenziale all\u2019interno il settore cosmetico.<\/p>\t\t\t\t\t\t\t\t<\/div>\n\t\t\t\t<\/div>\n\t\t\t\t\t<\/div>\n\t\t\t\t<\/div>\n\t\t\t\t<\/div>\n\t\t<div class=\"elementor-element elementor-element-367dd2b e-con-full elementor-hidden-desktop e-flex e-con e-child\" data-id=\"367dd2b\" data-element_type=\"container\">\n\t\t<div class=\"elementor-element elementor-element-051ee9a animated-slow e-flex e-con-boxed elementor-invisible e-con e-child\" data-id=\"051ee9a\" data-element_type=\"container\" data-settings=\"{&quot;background_background&quot;:&quot;classic&quot;,&quot;animation&quot;:&quot;fadeIn&quot;,&quot;animation_delay&quot;:300}\">\n\t\t\t\t\t<div class=\"e-con-inner\">\n\t\t<div class=\"elementor-element elementor-element-1e3de25 animated-slow e-flex e-con-boxed elementor-invisible e-con e-child\" data-id=\"1e3de25\" data-element_type=\"container\" data-settings=\"{&quot;background_background&quot;:&quot;slideshow&quot;,&quot;animation&quot;:&quot;fadeIn&quot;,&quot;animation_delay&quot;:400,&quot;background_slideshow_gallery&quot;:[{&quot;id&quot;:1429,&quot;url&quot;:&quot;https:\\\/\\\/www.oxygendevelopment.eu\\\/wp-content\\\/uploads\\\/2026\\\/01\\\/1-italy.jpg&quot;},{&quot;id&quot;:1432,&quot;url&quot;:&quot;https:\\\/\\\/www.oxygendevelopment.eu\\\/wp-content\\\/uploads\\\/2026\\\/01\\\/2-germany.jpg&quot;},{&quot;id&quot;:1435,&quot;url&quot;:&quot;https:\\\/\\\/www.oxygendevelopment.eu\\\/wp-content\\\/uploads\\\/2026\\\/01\\\/3-usa.jpg&quot;},{&quot;id&quot;:1438,&quot;url&quot;:&quot;https:\\\/\\\/www.oxygendevelopment.eu\\\/wp-content\\\/uploads\\\/2026\\\/01\\\/4-usa-2.jpg&quot;},{&quot;id&quot;:1563,&quot;url&quot;:&quot;https:\\\/\\\/www.oxygendevelopment.eu\\\/wp-content\\\/uploads\\\/2026\\\/03\\\/Poland-buildings-2-scaled.jpg&quot;},{&quot;id&quot;:1444,&quot;url&quot;:&quot;https:\\\/\\\/www.oxygendevelopment.eu\\\/wp-content\\\/uploads\\\/2026\\\/01\\\/6-dominican-republic.jpg&quot;},{&quot;id&quot;:1447,&quot;url&quot;:&quot;https:\\\/\\\/www.oxygendevelopment.eu\\\/wp-content\\\/uploads\\\/2026\\\/01\\\/7-south-korea.jpg&quot;}],&quot;background_slideshow_slide_duration&quot;:1000,&quot;background_slideshow_loop&quot;:&quot;yes&quot;,&quot;background_slideshow_slide_transition&quot;:&quot;fade&quot;,&quot;background_slideshow_transition_duration&quot;:500}\">\n\t\t\t\t\t<div class=\"e-con-inner\">\n\t\t\t\t\t<\/div>\n\t\t\t\t<\/div>\n\t\t<div class=\"elementor-element elementor-element-0b49122 animated-slow e-flex e-con-boxed elementor-invisible e-con e-child\" data-id=\"0b49122\" data-element_type=\"container\" data-settings=\"{&quot;background_background&quot;:&quot;classic&quot;,&quot;animation&quot;:&quot;fadeIn&quot;,&quot;animation_delay&quot;:400}\">\n\t\t\t\t\t<div class=\"e-con-inner\">\n\t\t\t\t<div class=\"elementor-element elementor-element-fde1994 elementor-widget elementor-widget-heading\" data-id=\"fde1994\" data-element_type=\"widget\" data-widget_type=\"heading.default\">\n\t\t\t\t<div class=\"elementor-widget-container\">\n\t\t\t\t\t<h3 class=\"elementor-heading-title elementor-size-default\">COMPANY<\/h3>\t\t\t\t<\/div>\n\t\t\t\t<\/div>\n\t\t\t\t<div class=\"elementor-element elementor-element-29ceef0 scrollable-text elementor-widget elementor-widget-text-editor\" data-id=\"29ceef0\" data-element_type=\"widget\" data-widget_type=\"text-editor.default\">\n\t\t\t\t<div class=\"elementor-widget-container\">\n\t\t\t\t\t\t\t\t\t<p>Oxygen Development \u00e8 un leader mondiale nello sviluppo e nella produzione di cosmetici di alta qualit\u00e0 per i settori make-up, skincare, hair care, bath &amp; body care e OTC e nutraceutica.<\/p><p>La sede principale, situata nel sud della Florida con una superficie di 35.000m<sup>2<\/sup>, \u00e8 una struttura all\u2019avanguardia, conforme alle normative FDA\/OTC per la produzione e lo stoccaggio di prodotti per la bellezza e il benessere.<\/p><p>Dal 2002, anno della sua fondazione, Oxygen Development ha seguito un percorso costante di espansione che ha portato fino a \u201cCare Full Colors Kosmetik Produktions GmbH\u201d, una consolidata azienda di produzione cosmetica con sede a Burgwedel, Germania.<\/p><p>Fondata nel 1979 dalla compagnia americana Cosmolab e acquistata da Kurt Pilchowski nel 1991, Care Full Colors ha per anni vissuto un considerevole sviluppo, creando partnership con numerose aziende cosmetiche in Europa fino al primo settembre 2015, quando Oxygen Development ha annunciato l\u2019acquisizione delle quote di maggioranza della societ\u00e0. Questo passo \u00e8 stato l\u2019inizio di un nuovo percorso finalizzato all\u2019affermazione e alla creazione di <strong>Oxygen Development Europe: <\/strong>un successo basato sull\u2019offerta di prodotti cosmetici di ultima generazione ed un servizio clienti di prima qualit\u00e0 in grado di supportare i clienti nello sviluppo di nuovi prodotti fino a velocizzarne il processo di inserimento sul mercato.<\/p><p>A prova dell\u2019affidabilit\u00e0 di Oxygen Development Europe come partner di sviluppo e crescita, un ulteriore passo \u00e8 stato fatto per garantire supporto aggiuntivo ai clienti, aumentando le capacit\u00e0 produttive e di riempimento: il Primo Maggio del 2018, \u00e8 stata dunque acquisita l\u2019azienda Prodak Kosmetik, realt\u00e0 consolidata per il riempimento e l\u2019assemblaggio di cosmetici situata a Walbrzych, Polonia e poi rinominata <strong>Oxygen Development Europe \u2013 Poland<\/strong>.<\/p><p>Un&#8217;altra milestone \u00e8 stata poi raggiunta nel 2017, con la creazione di <strong>Oxygen Innovation<\/strong>: un centro di ricerca e innovazione con sede a Crema, Italia. All\u2019interno di Oxygen Innovation si trova un team altamente competente focalizzato su formulazioni e tecnologie all\u2019avanguardia oltre che allo sviluppo di concetti di prodotto innovativi, decisi a modellare il contesto del settore beauty.<\/p><p>Questo sito si trova oggi su una superficie di 1.900m<sup>2<\/sup>, ma la realt\u00e0 italiana ha in previsione la realizzazione di uno stabilimento di produzione makeup che andr\u00e0 a ricoprire un\u2019area totale di 4.400m<sup>2<\/sup>; ci\u00f2 aumenter\u00e0 non solo le capacit\u00e0 produttive del gruppo Oxygen Development, ma anche il suo potenziale all\u2019interno il settore cosmetico.<\/p>\t\t\t\t\t\t\t\t<\/div>\n\t\t\t\t<\/div>\n\t\t\t\t\t<\/div>\n\t\t\t\t<\/div>\n\t\t\t\t\t<\/div>\n\t\t\t\t<\/div>\n\t\t\t\t<\/div>\n\t\t\t\t\t<\/div>\n\t\t\t\t<\/div>\n\t\t\t\t<\/div>\n\t\t","protected":false},"excerpt":{"rendered":"<p>COMPANY Oxygen Development \u00e8 un leader mondiale nello sviluppo e nella produzione di cosmetici di alta qualit\u00e0 per i settori make-up, skincare, hair care, bath &amp; body care e OTC e nutraceutica. La sede principale, situata nel sud della Florida con una superficie di 35.000m2, \u00e8 una struttura all\u2019avanguardia, conforme alle normative FDA\/OTC per la [&hellip;]<\/p>\n","protected":false},"author":1,"featured_media":0,"parent":0,"menu_order":0,"comment_status":"closed","ping_status":"closed","template":"","meta":{"site-sidebar-layout":"no-sidebar","site-content-layout":"","ast-site-content-layout":"full-width-container","site-content-style":"default","site-sidebar-style":"default","ast-global-header-display":"","ast-banner-title-visibility":"","ast-main-header-display":"","ast-hfb-above-header-display":"","ast-hfb-below-header-display":"","ast-hfb-mobile-header-display":"","site-post-title":"disabled","ast-breadcrumbs-content":"","ast-featured-img":"disabled","footer-sml-layout":"","theme-transparent-header-meta":"","adv-header-id-meta":"","stick-header-meta":"","header-above-stick-meta":"","header-main-stick-meta":"","header-below-stick-meta":"","astra-migrate-meta-layouts":"default","ast-page-background-enabled":"default","ast-page-background-meta":{"desktop":{"background-color":"var(--ast-global-color-4)","background-image":"","background-repeat":"repeat","background-position":"center center","background-size":"auto","background-attachment":"scroll","background-type":"","background-media":"","overlay-type":"","overlay-color":"","overlay-opacity":"","overlay-gradient":""},"tablet":{"background-color":"","background-image":"","background-repeat":"repeat","background-position":"center center","background-size":"auto","background-attachment":"scroll","background-type":"","background-media":"","overlay-type":"","overlay-color":"","overlay-opacity":"","overlay-gradient":""},"mobile":{"background-color":"","background-image":"","background-repeat":"repeat","background-position":"center center","background-size":"auto","background-attachment":"scroll","background-type":"","background-media":"","overlay-type":"","overlay-color":"","overlay-opacity":"","overlay-gradient":""}},"ast-content-background-meta":{"desktop":{"background-color":"var(--ast-global-color-5)","background-image":"","background-repeat":"repeat","background-position":"center center","background-size":"auto","background-attachment":"scroll","background-type":"","background-media":"","overlay-type":"","overlay-color":"","overlay-opacity":"","overlay-gradient":""},"tablet":{"background-color":"var(--ast-global-color-5)","background-image":"","background-repeat":"repeat","background-position":"center center","background-size":"auto","background-attachment":"scroll","background-type":"","background-media":"","overlay-type":"","overlay-color":"","overlay-opacity":"","overlay-gradient":""},"mobile":{"background-color":"var(--ast-global-color-5)","background-image":"","background-repeat":"repeat","background-position":"center center","background-size":"auto","background-attachment":"scroll","background-type":"","background-media":"","overlay-type":"","overlay-color":"","overlay-opacity":"","overlay-gradient":""}},"footnotes":""},"class_list":["post-1059","page","type-page","status-publish","hentry"],"_links":{"self":[{"href":"https:\/\/www.oxygendevelopment.eu\/it\/wp-json\/wp\/v2\/pages\/1059","targetHints":{"allow":["GET"]}}],"collection":[{"href":"https:\/\/www.oxygendevelopment.eu\/it\/wp-json\/wp\/v2\/pages"}],"about":[{"href":"https:\/\/www.oxygendevelopment.eu\/it\/wp-json\/wp\/v2\/types\/page"}],"author":[{"embeddable":true,"href":"https:\/\/www.oxygendevelopment.eu\/it\/wp-json\/wp\/v2\/users\/1"}],"replies":[{"embeddable":true,"href":"https:\/\/www.oxygendevelopment.eu\/it\/wp-json\/wp\/v2\/comments?post=1059"}],"version-history":[{"count":30,"href":"https:\/\/www.oxygendevelopment.eu\/it\/wp-json\/wp\/v2\/pages\/1059\/revisions"}],"predecessor-version":[{"id":1575,"href":"https:\/\/www.oxygendevelopment.eu\/it\/wp-json\/wp\/v2\/pages\/1059\/revisions\/1575"}],"wp:attachment":[{"href":"https:\/\/www.oxygendevelopment.eu\/it\/wp-json\/wp\/v2\/media?parent=1059"}],"curies":[{"name":"wp","href":"https:\/\/api.w.org\/{rel}","templated":true}]}}