{"id":998,"date":"2025-03-27T18:24:39","date_gmt":"2025-03-27T16:24:39","guid":{"rendered":"https:\/\/www.oxygendevelopment.eu\/work-wit-us\/"},"modified":"2025-05-15T09:50:48","modified_gmt":"2025-05-15T07:50:48","slug":"work-wit-us","status":"publish","type":"page","link":"https:\/\/www.oxygendevelopment.eu\/de\/work-wit-us\/","title":{"rendered":"Work wit us"},"content":{"rendered":"\t\t<div data-elementor-type=\"wp-page\" data-elementor-id=\"998\" class=\"elementor elementor-998 elementor-886\">\n\t\t\t\t<div class=\"elementor-element elementor-element-72cfe7b animated-slow e-flex e-con-boxed elementor-invisible e-con e-parent\" data-id=\"72cfe7b\" data-element_type=\"container\" data-settings=\"{&quot;animation&quot;:&quot;fadeIn&quot;,&quot;animation_delay&quot;:300}\">\n\t\t\t\t\t<div class=\"e-con-inner\">\n\t\t<div class=\"elementor-element elementor-element-d3ce365 e-con-full e-flex e-con e-child\" data-id=\"d3ce365\" data-element_type=\"container\">\n\t\t<div class=\"elementor-element elementor-element-c5d035d animated-slow e-flex e-con-boxed elementor-invisible e-con e-child\" data-id=\"c5d035d\" data-element_type=\"container\" data-settings=\"{&quot;background_background&quot;:&quot;classic&quot;,&quot;animation&quot;:&quot;fadeIn&quot;,&quot;animation_delay&quot;:400}\">\n\t\t\t\t\t<div class=\"e-con-inner\">\n\t\t\t\t<div class=\"elementor-element elementor-element-deaecfc elementor-widget elementor-widget-heading\" data-id=\"deaecfc\" data-element_type=\"widget\" data-widget_type=\"heading.default\">\n\t\t\t\t<div class=\"elementor-widget-container\">\n\t\t\t\t\t<h3 class=\"elementor-heading-title elementor-size-default\">ARBEITEN SIE MIT UNS ZUSAMMEN<\/h3>\t\t\t\t<\/div>\n\t\t\t\t<\/div>\n\t\t\t\t<div class=\"elementor-element elementor-element-b80586b elementor-widget elementor-widget-heading\" data-id=\"b80586b\" data-element_type=\"widget\" data-widget_type=\"heading.default\">\n\t\t\t\t<div class=\"elementor-widget-container\">\n\t\t\t\t\t<h2 class=\"elementor-heading-title elementor-size-default\">Sind Sie leidenschaftlich, neugierig, kreativ?<\/h2>\t\t\t\t<\/div>\n\t\t\t\t<\/div>\n\t\t\t\t<div class=\"elementor-element elementor-element-23b4787 elementor-widget elementor-widget-text-editor\" data-id=\"23b4787\" data-element_type=\"widget\" data-widget_type=\"text-editor.default\">\n\t\t\t\t<div class=\"elementor-widget-container\">\n\t\t\t\t\t\t\t\t\t<p>Wir sind immer auf der Suche nach neuen talentierten Fachleuten, die ihre einzigartigen Erfahrungen in unser internationales Team einbringen.<br \/>Wenn Sie Interesse daran haben bei uns einzusteigen, schauen Sie gerne auf unserem <strong><a href=\"https:\/\/www.linkedin.com\/company\/oxygen-development\/\">Linked.in<\/a> <\/strong>Profil vorbei. Hier ver\u00f6ffentlichen wir regelm\u00e4\u00dfig neue Ausschreibungen. Nichts Passendes dabei? Dann freuen wir uns \u00fcber Ihren Lebenslauf <strong><a href=\"mailto:careers@oxygendevelopment.com\">careers@oxygendevelopment.com<\/a><\/strong><\/p>\t\t\t\t\t\t\t\t<\/div>\n\t\t\t\t<\/div>\n\t\t\t\t\t<\/div>\n\t\t\t\t<\/div>\n\t\t\t\t<\/div>\n\t\t\t\t\t<\/div>\n\t\t\t\t<\/div>\n\t\t\t\t<\/div>\n\t\t","protected":false},"excerpt":{"rendered":"<p>ARBEITEN SIE MIT UNS ZUSAMMEN Sind Sie leidenschaftlich, neugierig, kreativ? Wir sind immer auf der Suche nach neuen talentierten Fachleuten, die ihre einzigartigen Erfahrungen in unser internationales Team einbringen.Wenn Sie Interesse daran haben bei uns einzusteigen, schauen Sie gerne auf unserem Linked.in Profil vorbei. Hier ver\u00f6ffentlichen wir regelm\u00e4\u00dfig neue Ausschreibungen. Nichts Passendes dabei? Dann freuen [&hellip;]<\/p>\n","protected":false},"author":1,"featured_media":0,"parent":0,"menu_order":0,"comment_status":"closed","ping_status":"closed","template":"","meta":{"site-sidebar-layout":"no-sidebar","site-content-layout":"","ast-site-content-layout":"full-width-container","site-content-style":"default","site-sidebar-style":"default","ast-global-header-display":"","ast-banner-title-visibility":"","ast-main-header-display":"","ast-hfb-above-header-display":"","ast-hfb-below-header-display":"","ast-hfb-mobile-header-display":"","site-post-title":"disabled","ast-breadcrumbs-content":"","ast-featured-img":"disabled","footer-sml-layout":"","theme-transparent-header-meta":"","adv-header-id-meta":"","stick-header-meta":"","header-above-stick-meta":"","header-main-stick-meta":"","header-below-stick-meta":"","astra-migrate-meta-layouts":"default","ast-page-background-enabled":"default","ast-page-background-meta":{"desktop":{"background-color":"var(--ast-global-color-4)","background-image":"","background-repeat":"repeat","background-position":"center center","background-size":"auto","background-attachment":"scroll","background-type":"","background-media":"","overlay-type":"","overlay-color":"","overlay-opacity":"","overlay-gradient":""},"tablet":{"background-color":"","background-image":"","background-repeat":"repeat","background-position":"center center","background-size":"auto","background-attachment":"scroll","background-type":"","background-media":"","overlay-type":"","overlay-color":"","overlay-opacity":"","overlay-gradient":""},"mobile":{"background-color":"","background-image":"","background-repeat":"repeat","background-position":"center center","background-size":"auto","background-attachment":"scroll","background-type":"","background-media":"","overlay-type":"","overlay-color":"","overlay-opacity":"","overlay-gradient":""}},"ast-content-background-meta":{"desktop":{"background-color":"var(--ast-global-color-5)","background-image":"","background-repeat":"repeat","background-position":"center center","background-size":"auto","background-attachment":"scroll","background-type":"","background-media":"","overlay-type":"","overlay-color":"","overlay-opacity":"","overlay-gradient":""},"tablet":{"background-color":"var(--ast-global-color-5)","background-image":"","background-repeat":"repeat","background-position":"center center","background-size":"auto","background-attachment":"scroll","background-type":"","background-media":"","overlay-type":"","overlay-color":"","overlay-opacity":"","overlay-gradient":""},"mobile":{"background-color":"var(--ast-global-color-5)","background-image":"","background-repeat":"repeat","background-position":"center center","background-size":"auto","background-attachment":"scroll","background-type":"","background-media":"","overlay-type":"","overlay-color":"","overlay-opacity":"","overlay-gradient":""}},"footnotes":""},"class_list":["post-998","page","type-page","status-publish","hentry"],"_links":{"self":[{"href":"https:\/\/www.oxygendevelopment.eu\/de\/wp-json\/wp\/v2\/pages\/998","targetHints":{"allow":["GET"]}}],"collection":[{"href":"https:\/\/www.oxygendevelopment.eu\/de\/wp-json\/wp\/v2\/pages"}],"about":[{"href":"https:\/\/www.oxygendevelopment.eu\/de\/wp-json\/wp\/v2\/types\/page"}],"author":[{"embeddable":true,"href":"https:\/\/www.oxygendevelopment.eu\/de\/wp-json\/wp\/v2\/users\/1"}],"replies":[{"embeddable":true,"href":"https:\/\/www.oxygendevelopment.eu\/de\/wp-json\/wp\/v2\/comments?post=998"}],"version-history":[{"count":6,"href":"https:\/\/www.oxygendevelopment.eu\/de\/wp-json\/wp\/v2\/pages\/998\/revisions"}],"predecessor-version":[{"id":1249,"href":"https:\/\/www.oxygendevelopment.eu\/de\/wp-json\/wp\/v2\/pages\/998\/revisions\/1249"}],"wp:attachment":[{"href":"https:\/\/www.oxygendevelopment.eu\/de\/wp-json\/wp\/v2\/media?parent=998"}],"curies":[{"name":"wp","href":"https:\/\/api.w.org\/{rel}","templated":true}]}}