{"id":991,"date":"2023-12-04T13:50:31","date_gmt":"2023-12-04T11:50:31","guid":{"rendered":"https:\/\/www.oxygendevelopment.eu\/know-how\/"},"modified":"2026-01-23T15:26:32","modified_gmt":"2026-01-23T13:26:32","slug":"know-how","status":"publish","type":"page","link":"https:\/\/www.oxygendevelopment.eu\/de\/know-how\/","title":{"rendered":"Know how"},"content":{"rendered":"\t\t<div data-elementor-type=\"wp-page\" data-elementor-id=\"991\" class=\"elementor elementor-991 elementor-476\">\n\t\t\t\t<div class=\"elementor-element elementor-element-7d05a41 animated-slow e-flex e-con-boxed elementor-invisible e-con e-parent\" data-id=\"7d05a41\" data-element_type=\"container\" data-settings=\"{&quot;animation&quot;:&quot;fadeIn&quot;,&quot;animation_delay&quot;:300}\">\n\t\t\t\t\t<div class=\"e-con-inner\">\n\t\t<div class=\"elementor-element elementor-element-5b4ea25 e-con-full elementor-hidden-tablet elementor-hidden-mobile e-flex e-con e-child\" data-id=\"5b4ea25\" data-element_type=\"container\">\n\t\t<div class=\"elementor-element elementor-element-4afb38d animated-slow e-flex e-con-boxed elementor-invisible e-con e-child\" data-id=\"4afb38d\" data-element_type=\"container\" data-settings=\"{&quot;background_background&quot;:&quot;slideshow&quot;,&quot;animation&quot;:&quot;fadeIn&quot;,&quot;animation_delay&quot;:300,&quot;background_slideshow_gallery&quot;:[{&quot;id&quot;:1219,&quot;url&quot;:&quot;https:\\\/\\\/www.oxygendevelopment.eu\\\/wp-content\\\/uploads\\\/2025\\\/05\\\/know-how10.jpg&quot;},{&quot;id&quot;:1216,&quot;url&quot;:&quot;https:\\\/\\\/www.oxygendevelopment.eu\\\/wp-content\\\/uploads\\\/2025\\\/05\\\/know-how9.jpg&quot;},{&quot;id&quot;:1213,&quot;url&quot;:&quot;https:\\\/\\\/www.oxygendevelopment.eu\\\/wp-content\\\/uploads\\\/2025\\\/05\\\/know-how8.jpg&quot;},{&quot;id&quot;:1210,&quot;url&quot;:&quot;https:\\\/\\\/www.oxygendevelopment.eu\\\/wp-content\\\/uploads\\\/2025\\\/05\\\/know-how7.jpg&quot;},{&quot;id&quot;:1207,&quot;url&quot;:&quot;https:\\\/\\\/www.oxygendevelopment.eu\\\/wp-content\\\/uploads\\\/2025\\\/05\\\/know-how6.jpg&quot;},{&quot;id&quot;:1204,&quot;url&quot;:&quot;https:\\\/\\\/www.oxygendevelopment.eu\\\/wp-content\\\/uploads\\\/2025\\\/05\\\/know-how5.jpg&quot;},{&quot;id&quot;:1201,&quot;url&quot;:&quot;https:\\\/\\\/www.oxygendevelopment.eu\\\/wp-content\\\/uploads\\\/2025\\\/05\\\/know-how4.jpg&quot;},{&quot;id&quot;:1198,&quot;url&quot;:&quot;https:\\\/\\\/www.oxygendevelopment.eu\\\/wp-content\\\/uploads\\\/2025\\\/05\\\/know-how3.jpg&quot;},{&quot;id&quot;:1195,&quot;url&quot;:&quot;https:\\\/\\\/www.oxygendevelopment.eu\\\/wp-content\\\/uploads\\\/2025\\\/05\\\/know-how2.jpg&quot;},{&quot;id&quot;:1192,&quot;url&quot;:&quot;https:\\\/\\\/www.oxygendevelopment.eu\\\/wp-content\\\/uploads\\\/2025\\\/05\\\/know-how1.jpg&quot;}],&quot;background_slideshow_slide_duration&quot;:1000,&quot;background_slideshow_loop&quot;:&quot;yes&quot;,&quot;background_slideshow_slide_transition&quot;:&quot;fade&quot;,&quot;background_slideshow_transition_duration&quot;:500}\">\n\t\t\t\t\t<div class=\"e-con-inner\">\n\t\t\t\t\t<\/div>\n\t\t\t\t<\/div>\n\t\t<div class=\"elementor-element elementor-element-f01209c animated-slow e-flex e-con-boxed elementor-invisible e-con e-child\" data-id=\"f01209c\" data-element_type=\"container\" data-settings=\"{&quot;background_background&quot;:&quot;classic&quot;,&quot;animation&quot;:&quot;fadeIn&quot;,&quot;animation_delay&quot;:400}\">\n\t\t\t\t\t<div class=\"e-con-inner\">\n\t\t\t\t<div class=\"elementor-element elementor-element-4e714fe elementor-widget elementor-widget-heading\" data-id=\"4e714fe\" data-element_type=\"widget\" data-widget_type=\"heading.default\">\n\t\t\t\t<div class=\"elementor-widget-container\">\n\t\t\t\t\t<h3 class=\"elementor-heading-title elementor-size-default\">KNOW HOW<\/h3>\t\t\t\t<\/div>\n\t\t\t\t<\/div>\n\t\t\t\t<div class=\"elementor-element elementor-element-d4994ad scrollable-text elementor-widget elementor-widget-text-editor\" data-id=\"d4994ad\" data-element_type=\"widget\" data-widget_type=\"text-editor.default\">\n\t\t\t\t<div class=\"elementor-widget-container\">\n\t\t\t\t\t\t\t\t\t<p><strong> PHILOSOPHIE<br \/><\/strong>Bei Oxygen Development haben wir uns zu Exzellenz und Innovation verpflichtet. Wir sind st\u00e4ndig bestrebt, Produkte zu entwickeln und zu liefern, die uns und unsere Kunden vom Mainstream abheben.\u2028\u2028Wir bauen dauerhafte Partnerschaften auf, indem wir eng mit unseren Kunden zusammenarbeiten, um ma\u00dfgeschneiderte Produktkonzepte zu entwickeln, die ihr Markenimage und ihre Positionierung verk\u00f6rpern. Dar\u00fcber hinaus bieten wir ein hervorragendes Angebot an Diensten, die ihren Bed\u00fcrfnissen entsprechen und ihre Erwartungen \u00fcbertreffen.\u2028\u2028Zu diesen Diensten geh\u00f6ren:<\/p><ul><li>Kreative und strategische Marketing Intelligence<\/li><li>Standard- und ma\u00dfgeschneiderte neue Produktkonzepte<\/li><li>Trend- und Forecast-Pr\u00e4sentationen<\/li><li>Regulatorische Unterst\u00fctzung<\/li><li>Professioneller und zuverl\u00e4ssiger Kundenservice<\/li><\/ul><p><strong>QUALIT\u00c4T<\/strong><br \/>Die Qualit\u00e4t bei OXYGEN DEVELOPMENT ist das Ergebnis der Kompetenz und Zuverl\u00e4ssigkeit unseres Teams.<br \/>Unsere Qualit\u00e4tskontrolle begleitet unsere Kosmetikprodukte in jeder Phase der Produktion, von der Anlieferung im Wareneingang \u00fcber die Herstellung, Abf\u00fcllung, Fertigstellung des Produkts, den Versand bis hin zur Auslieferung an unsere Kunden. Durch die perfekte Balance zwischen Produktionsablauf und kontinuierlicher Qualit\u00e4tskontrolle erreichen wir eine herausragende Produktqualit\u00e4t.<br \/>Die Tests werden sowohl vor Ort als auch von zugelassenen Labors durchgef\u00fchrt. Unsere Dokumentation stellt ein vollst\u00e4ndig umfassendes und sicheres Nachverfolgungssystem f\u00fcr alle Chargen dar. Regelm\u00e4\u00dfige mikrobiologische Untersuchungen in Kombination mit gr\u00fcndlichen Bewertungen durch unseren Sicherheitsbeauftragten f\u00fchren zu einer gleichbleibenden, hochwertigen Produktqualit\u00e4t und Sicherheit.<br \/>Wir arbeiten nach Cosmetics GMP (Good Manufacturing Practice) und den Anforderungen der neuesten europ\u00e4ischen Kosmetikverordnungen. Seit Mai 2014 sind wir zudem nach den hohen Standards des IFS-HPC (International Featured Standards \u2013 Household and Personal Care) zertifiziert.<\/p><p><strong>NACHHALTIGKEIT<\/strong><br \/>Unser Ziel ist es, bei der Herstellung unserer Produkte ein Gleichgewicht zwischen \u00f6kologischer und \u00f6konomischer Nachhaltigkeit zu schaffen. Unsere nat\u00fcrlichen Ressourcen sind xsAbegrenzt. Deshalb sollten wir sorgsam mit ihnen umgehen, damit auch zuk\u00fcnftige Generationen davon profitieren k\u00f6nnen. Unser Ziel ist es, unsere gesellschaftliche Verantwortung mit der notwendigen Wirtschaftsleistung und dem Schutz der Umwelt zu verbinden.<br \/>Nachhaltigkeit ist ein wesentlicher Bestandteil dessen, was wir als Unternehmen sind, wir haben die soziale und \u00f6kologische Leistung in den Mittelpunkt unseres Engagements gestellt, und sie wird in unserer Zukunft eine noch wichtigere Rolle spielen.<br \/>Wir haben erhebliche Fortschritte mit unserem Engagement f\u00fcr Nachhaltigkeit gemacht, unsere Produktionsst\u00e4tte und unser Firmensitz in den USA sowie unsere Standorte auf der ganzen Welt (Deutschland, Polen, Italien, Dominikanische Republik und S\u00fcdkorea) haben viele Aspekte unserer Nachhaltigkeitsstrategie in Richtung der Ziele, die wir uns selbst gesetzt haben, erheblich vorangetrieben: Wir pflegen eine Kultur der innovativen und integrativen Sch\u00f6nheit.<br \/>W\u00e4hrend wir unser Gesch\u00e4ft verantwortungsvoll weiter ausbauen, stellen wir sicher, dass Nachhaltigkeit vollst\u00e4ndig verankert ist, indem wir unsere Auswirkungen und Chancen entlang der Wertsch\u00f6pfungskette ber\u00fccksichtigen \u2013 von den Rohstoffen bis zum Ende der Lebensdauer.<br \/>Wir haben hart daran gearbeitet, unsere Umweltauswirkungen zu managen und zu reduzieren, die Umwelteffizienz in unseren Betrieben und unserer Lieferkette zu steigern, Emissionen und Wasserverbrauch zu reduzieren und die Kreislaufwirtschaft bei unserer Herstellung und Verpackung zu erh\u00f6hen.<br \/>Wir lernen und verbessern uns weiter, und dieses Engagement ist entscheidend f\u00fcr unseren Erfolg, da wir zielstrebig daran arbeiten, unsere Strategie und unsere Nachhaltigkeitsziele umzusetzen.<\/p>\t\t\t\t\t\t\t\t<\/div>\n\t\t\t\t<\/div>\n\t\t\t\t\t<\/div>\n\t\t\t\t<\/div>\n\t\t\t\t<\/div>\n\t\t<div class=\"elementor-element elementor-element-829e8e3 e-con-full elementor-hidden-desktop e-flex e-con e-child\" data-id=\"829e8e3\" data-element_type=\"container\">\n\t\t<div class=\"elementor-element elementor-element-5758da0 animated-slow e-flex e-con-boxed elementor-invisible e-con e-child\" data-id=\"5758da0\" data-element_type=\"container\" data-settings=\"{&quot;background_background&quot;:&quot;classic&quot;,&quot;animation&quot;:&quot;fadeIn&quot;,&quot;animation_delay&quot;:300}\">\n\t\t\t\t\t<div class=\"e-con-inner\">\n\t\t<div class=\"elementor-element elementor-element-4018e72 animated-slow e-flex e-con-boxed elementor-invisible e-con e-child\" data-id=\"4018e72\" data-element_type=\"container\" data-settings=\"{&quot;background_background&quot;:&quot;slideshow&quot;,&quot;animation&quot;:&quot;fadeIn&quot;,&quot;animation_delay&quot;:400,&quot;background_slideshow_gallery&quot;:[{&quot;id&quot;:1219,&quot;url&quot;:&quot;https:\\\/\\\/www.oxygendevelopment.eu\\\/wp-content\\\/uploads\\\/2025\\\/05\\\/know-how10.jpg&quot;},{&quot;id&quot;:1216,&quot;url&quot;:&quot;https:\\\/\\\/www.oxygendevelopment.eu\\\/wp-content\\\/uploads\\\/2025\\\/05\\\/know-how9.jpg&quot;},{&quot;id&quot;:1213,&quot;url&quot;:&quot;https:\\\/\\\/www.oxygendevelopment.eu\\\/wp-content\\\/uploads\\\/2025\\\/05\\\/know-how8.jpg&quot;},{&quot;id&quot;:1210,&quot;url&quot;:&quot;https:\\\/\\\/www.oxygendevelopment.eu\\\/wp-content\\\/uploads\\\/2025\\\/05\\\/know-how7.jpg&quot;},{&quot;id&quot;:1207,&quot;url&quot;:&quot;https:\\\/\\\/www.oxygendevelopment.eu\\\/wp-content\\\/uploads\\\/2025\\\/05\\\/know-how6.jpg&quot;},{&quot;id&quot;:1204,&quot;url&quot;:&quot;https:\\\/\\\/www.oxygendevelopment.eu\\\/wp-content\\\/uploads\\\/2025\\\/05\\\/know-how5.jpg&quot;},{&quot;id&quot;:1201,&quot;url&quot;:&quot;https:\\\/\\\/www.oxygendevelopment.eu\\\/wp-content\\\/uploads\\\/2025\\\/05\\\/know-how4.jpg&quot;},{&quot;id&quot;:1198,&quot;url&quot;:&quot;https:\\\/\\\/www.oxygendevelopment.eu\\\/wp-content\\\/uploads\\\/2025\\\/05\\\/know-how3.jpg&quot;},{&quot;id&quot;:1195,&quot;url&quot;:&quot;https:\\\/\\\/www.oxygendevelopment.eu\\\/wp-content\\\/uploads\\\/2025\\\/05\\\/know-how2.jpg&quot;},{&quot;id&quot;:1192,&quot;url&quot;:&quot;https:\\\/\\\/www.oxygendevelopment.eu\\\/wp-content\\\/uploads\\\/2025\\\/05\\\/know-how1.jpg&quot;}],&quot;background_slideshow_slide_duration&quot;:1000,&quot;background_slideshow_loop&quot;:&quot;yes&quot;,&quot;background_slideshow_slide_transition&quot;:&quot;fade&quot;,&quot;background_slideshow_transition_duration&quot;:500}\">\n\t\t\t\t\t<div class=\"e-con-inner\">\n\t\t\t\t\t<\/div>\n\t\t\t\t<\/div>\n\t\t<div class=\"elementor-element elementor-element-1f49201 animated-slow e-flex e-con-boxed elementor-invisible e-con e-child\" data-id=\"1f49201\" data-element_type=\"container\" data-settings=\"{&quot;background_background&quot;:&quot;classic&quot;,&quot;animation&quot;:&quot;fadeIn&quot;,&quot;animation_delay&quot;:400}\">\n\t\t\t\t\t<div class=\"e-con-inner\">\n\t\t\t\t<div class=\"elementor-element elementor-element-363266d elementor-widget elementor-widget-heading\" data-id=\"363266d\" data-element_type=\"widget\" data-widget_type=\"heading.default\">\n\t\t\t\t<div class=\"elementor-widget-container\">\n\t\t\t\t\t<h3 class=\"elementor-heading-title elementor-size-default\">KNOW HOW<\/h3>\t\t\t\t<\/div>\n\t\t\t\t<\/div>\n\t\t\t\t<div class=\"elementor-element elementor-element-449c5ad scrollable-text elementor-widget elementor-widget-text-editor\" data-id=\"449c5ad\" data-element_type=\"widget\" data-widget_type=\"text-editor.default\">\n\t\t\t\t<div class=\"elementor-widget-container\">\n\t\t\t\t\t\t\t\t\t<p><strong> PHILOSOPHIE<br \/><\/strong>Bei Oxygen Development haben wir uns zu Exzellenz und Innovation verpflichtet. Wir sind st\u00e4ndig bestrebt, Produkte zu entwickeln und zu liefern, die uns und unsere Kunden vom Mainstream abheben.\u2028\u2028Wir bauen dauerhafte Partnerschaften auf, indem wir eng mit unseren Kunden zusammenarbeiten, um ma\u00dfgeschneiderte Produktkonzepte zu entwickeln, die ihr Markenimage und ihre Positionierung verk\u00f6rpern. Dar\u00fcber hinaus bieten wir ein hervorragendes Angebot an Diensten, die ihren Bed\u00fcrfnissen entsprechen und ihre Erwartungen \u00fcbertreffen.\u2028\u2028Zu diesen Diensten geh\u00f6ren:<\/p><ul><li>Kreative und strategische Marketing Intelligence<\/li><li>Standard- und ma\u00dfgeschneiderte neue Produktkonzepte<\/li><li>Trend- und Forecast-Pr\u00e4sentationen<\/li><li>Regulatorische Unterst\u00fctzung<\/li><li>Professioneller und zuverl\u00e4ssiger Kundenservice<\/li><\/ul><p><strong>QUALIT\u00c4T<\/strong><br \/>Die Qualit\u00e4t bei OXYGEN DEVELOPMENT ist das Ergebnis der Kompetenz und Zuverl\u00e4ssigkeit unseres Teams.<br \/>Unsere Qualit\u00e4tskontrolle begleitet unsere Kosmetikprodukte in jeder Phase der Produktion, von der Anlieferung im Wareneingang \u00fcber die Herstellung, Abf\u00fcllung, Fertigstellung des Produkts, den Versand bis hin zur Auslieferung an unsere Kunden. Durch die perfekte Balance zwischen Produktionsablauf und kontinuierlicher Qualit\u00e4tskontrolle erreichen wir eine herausragende Produktqualit\u00e4t.<br \/>Die Tests werden sowohl vor Ort als auch von zugelassenen Labors durchgef\u00fchrt. Unsere Dokumentation stellt ein vollst\u00e4ndig umfassendes und sicheres Nachverfolgungssystem f\u00fcr alle Chargen dar. Regelm\u00e4\u00dfige mikrobiologische Untersuchungen in Kombination mit gr\u00fcndlichen Bewertungen durch unseren Sicherheitsbeauftragten f\u00fchren zu einer gleichbleibenden, hochwertigen Produktqualit\u00e4t und Sicherheit.<br \/>Wir arbeiten nach Cosmetics GMP (Good Manufacturing Practice) und den Anforderungen der neuesten europ\u00e4ischen Kosmetikverordnungen. Seit Mai 2014 sind wir zudem nach den hohen Standards des IFS-HPC (International Featured Standards \u2013 Household and Personal Care) zertifiziert.<\/p><p><strong>NACHHALTIGKEIT<\/strong><br \/>Unser Ziel ist es, bei der Herstellung unserer Produkte ein Gleichgewicht zwischen \u00f6kologischer und \u00f6konomischer Nachhaltigkeit zu schaffen. Unsere nat\u00fcrlichen Ressourcen sind xsAbegrenzt. Deshalb sollten wir sorgsam mit ihnen umgehen, damit auch zuk\u00fcnftige Generationen davon profitieren k\u00f6nnen. Unser Ziel ist es, unsere gesellschaftliche Verantwortung mit der notwendigen Wirtschaftsleistung und dem Schutz der Umwelt zu verbinden.<br \/>Nachhaltigkeit ist ein wesentlicher Bestandteil dessen, was wir als Unternehmen sind, wir haben die soziale und \u00f6kologische Leistung in den Mittelpunkt unseres Engagements gestellt, und sie wird in unserer Zukunft eine noch wichtigere Rolle spielen.<br \/>Wir haben erhebliche Fortschritte mit unserem Engagement f\u00fcr Nachhaltigkeit gemacht, unsere Produktionsst\u00e4tte und unser Firmensitz in den USA sowie unsere Standorte auf der ganzen Welt (Deutschland, Polen, Italien, Dominikanische Republik und S\u00fcdkorea) haben viele Aspekte unserer Nachhaltigkeitsstrategie in Richtung der Ziele, die wir uns selbst gesetzt haben, erheblich vorangetrieben: Wir pflegen eine Kultur der innovativen und integrativen Sch\u00f6nheit.<br \/>W\u00e4hrend wir unser Gesch\u00e4ft verantwortungsvoll weiter ausbauen, stellen wir sicher, dass Nachhaltigkeit vollst\u00e4ndig verankert ist, indem wir unsere Auswirkungen und Chancen entlang der Wertsch\u00f6pfungskette ber\u00fccksichtigen \u2013 von den Rohstoffen bis zum Ende der Lebensdauer.<br \/>Wir haben hart daran gearbeitet, unsere Umweltauswirkungen zu managen und zu reduzieren, die Umwelteffizienz in unseren Betrieben und unserer Lieferkette zu steigern, Emissionen und Wasserverbrauch zu reduzieren und die Kreislaufwirtschaft bei unserer Herstellung und Verpackung zu erh\u00f6hen.<br \/>Wir lernen und verbessern uns weiter, und dieses Engagement ist entscheidend f\u00fcr unseren Erfolg, da wir zielstrebig daran arbeiten, unsere Strategie und unsere Nachhaltigkeitsziele umzusetzen.<\/p>\t\t\t\t\t\t\t\t<\/div>\n\t\t\t\t<\/div>\n\t\t\t\t\t<\/div>\n\t\t\t\t<\/div>\n\t\t\t\t\t<\/div>\n\t\t\t\t<\/div>\n\t\t\t\t<\/div>\n\t\t\t\t\t<\/div>\n\t\t\t\t<\/div>\n\t\t\t\t<\/div>\n\t\t","protected":false},"excerpt":{"rendered":"<p>KNOW HOW PHILOSOPHIEBei Oxygen Development haben wir uns zu Exzellenz und Innovation verpflichtet. Wir sind st\u00e4ndig bestrebt, Produkte zu entwickeln und zu liefern, die uns und unsere Kunden vom Mainstream abheben.\u2028\u2028Wir bauen dauerhafte Partnerschaften auf, indem wir eng mit unseren Kunden zusammenarbeiten, um ma\u00dfgeschneiderte Produktkonzepte zu entwickeln, die ihr Markenimage und ihre Positionierung verk\u00f6rpern. Dar\u00fcber [&hellip;]<\/p>\n","protected":false},"author":1,"featured_media":0,"parent":0,"menu_order":0,"comment_status":"closed","ping_status":"closed","template":"","meta":{"site-sidebar-layout":"no-sidebar","site-content-layout":"","ast-site-content-layout":"full-width-container","site-content-style":"default","site-sidebar-style":"default","ast-global-header-display":"","ast-banner-title-visibility":"","ast-main-header-display":"","ast-hfb-above-header-display":"","ast-hfb-below-header-display":"","ast-hfb-mobile-header-display":"","site-post-title":"disabled","ast-breadcrumbs-content":"","ast-featured-img":"disabled","footer-sml-layout":"","theme-transparent-header-meta":"","adv-header-id-meta":"","stick-header-meta":"","header-above-stick-meta":"","header-main-stick-meta":"","header-below-stick-meta":"","astra-migrate-meta-layouts":"default","ast-page-background-enabled":"default","ast-page-background-meta":{"desktop":{"background-color":"var(--ast-global-color-4)","background-image":"","background-repeat":"repeat","background-position":"center center","background-size":"auto","background-attachment":"scroll","background-type":"","background-media":"","overlay-type":"","overlay-color":"","overlay-opacity":"","overlay-gradient":""},"tablet":{"background-color":"","background-image":"","background-repeat":"repeat","background-position":"center center","background-size":"auto","background-attachment":"scroll","background-type":"","background-media":"","overlay-type":"","overlay-color":"","overlay-opacity":"","overlay-gradient":""},"mobile":{"background-color":"","background-image":"","background-repeat":"repeat","background-position":"center center","background-size":"auto","background-attachment":"scroll","background-type":"","background-media":"","overlay-type":"","overlay-color":"","overlay-opacity":"","overlay-gradient":""}},"ast-content-background-meta":{"desktop":{"background-color":"var(--ast-global-color-5)","background-image":"","background-repeat":"repeat","background-position":"center center","background-size":"auto","background-attachment":"scroll","background-type":"","background-media":"","overlay-type":"","overlay-color":"","overlay-opacity":"","overlay-gradient":""},"tablet":{"background-color":"var(--ast-global-color-5)","background-image":"","background-repeat":"repeat","background-position":"center center","background-size":"auto","background-attachment":"scroll","background-type":"","background-media":"","overlay-type":"","overlay-color":"","overlay-opacity":"","overlay-gradient":""},"mobile":{"background-color":"var(--ast-global-color-5)","background-image":"","background-repeat":"repeat","background-position":"center center","background-size":"auto","background-attachment":"scroll","background-type":"","background-media":"","overlay-type":"","overlay-color":"","overlay-opacity":"","overlay-gradient":""}},"footnotes":""},"class_list":["post-991","page","type-page","status-publish","hentry"],"_links":{"self":[{"href":"https:\/\/www.oxygendevelopment.eu\/de\/wp-json\/wp\/v2\/pages\/991","targetHints":{"allow":["GET"]}}],"collection":[{"href":"https:\/\/www.oxygendevelopment.eu\/de\/wp-json\/wp\/v2\/pages"}],"about":[{"href":"https:\/\/www.oxygendevelopment.eu\/de\/wp-json\/wp\/v2\/types\/page"}],"author":[{"embeddable":true,"href":"https:\/\/www.oxygendevelopment.eu\/de\/wp-json\/wp\/v2\/users\/1"}],"replies":[{"embeddable":true,"href":"https:\/\/www.oxygendevelopment.eu\/de\/wp-json\/wp\/v2\/comments?post=991"}],"version-history":[{"count":24,"href":"https:\/\/www.oxygendevelopment.eu\/de\/wp-json\/wp\/v2\/pages\/991\/revisions"}],"predecessor-version":[{"id":1496,"href":"https:\/\/www.oxygendevelopment.eu\/de\/wp-json\/wp\/v2\/pages\/991\/revisions\/1496"}],"wp:attachment":[{"href":"https:\/\/www.oxygendevelopment.eu\/de\/wp-json\/wp\/v2\/media?parent=991"}],"curies":[{"name":"wp","href":"https:\/\/api.w.org\/{rel}","templated":true}]}}