{"id":977,"date":"2023-12-04T13:19:40","date_gmt":"2023-12-04T11:19:40","guid":{"rendered":"https:\/\/www.oxygendevelopment.eu\/company\/"},"modified":"2026-03-18T18:37:17","modified_gmt":"2026-03-18T16:37:17","slug":"company","status":"publish","type":"page","link":"https:\/\/www.oxygendevelopment.eu\/de\/company\/","title":{"rendered":"Company"},"content":{"rendered":"\t\t<div data-elementor-type=\"wp-page\" data-elementor-id=\"977\" class=\"elementor elementor-977 elementor-436\">\n\t\t\t\t<div class=\"elementor-element elementor-element-fe3ecaf animated-slow e-flex e-con-boxed elementor-invisible e-con e-parent\" data-id=\"fe3ecaf\" data-element_type=\"container\" data-settings=\"{&quot;animation&quot;:&quot;fadeIn&quot;,&quot;animation_delay&quot;:300}\">\n\t\t\t\t\t<div class=\"e-con-inner\">\n\t\t<div class=\"elementor-element elementor-element-f629145 e-con-full elementor-hidden-tablet elementor-hidden-mobile e-flex e-con e-child\" data-id=\"f629145\" data-element_type=\"container\">\n\t\t<div class=\"elementor-element elementor-element-ce22218 animated-slow e-flex e-con-boxed elementor-invisible e-con e-child\" data-id=\"ce22218\" data-element_type=\"container\" data-settings=\"{&quot;background_background&quot;:&quot;slideshow&quot;,&quot;animation&quot;:&quot;fadeIn&quot;,&quot;animation_delay&quot;:300,&quot;background_slideshow_gallery&quot;:[{&quot;id&quot;:1431,&quot;url&quot;:&quot;https:\\\/\\\/www.oxygendevelopment.eu\\\/wp-content\\\/uploads\\\/2026\\\/01\\\/1-italy.jpg&quot;},{&quot;id&quot;:1434,&quot;url&quot;:&quot;https:\\\/\\\/www.oxygendevelopment.eu\\\/wp-content\\\/uploads\\\/2026\\\/01\\\/2-germany.jpg&quot;},{&quot;id&quot;:1437,&quot;url&quot;:&quot;https:\\\/\\\/www.oxygendevelopment.eu\\\/wp-content\\\/uploads\\\/2026\\\/01\\\/3-usa.jpg&quot;},{&quot;id&quot;:1440,&quot;url&quot;:&quot;https:\\\/\\\/www.oxygendevelopment.eu\\\/wp-content\\\/uploads\\\/2026\\\/01\\\/4-usa-2.jpg&quot;},{&quot;id&quot;:1562,&quot;url&quot;:&quot;https:\\\/\\\/www.oxygendevelopment.eu\\\/wp-content\\\/uploads\\\/2026\\\/03\\\/Poland-buildings-2-scaled.jpg&quot;},{&quot;id&quot;:1446,&quot;url&quot;:&quot;https:\\\/\\\/www.oxygendevelopment.eu\\\/wp-content\\\/uploads\\\/2026\\\/01\\\/6-dominican-republic.jpg&quot;},{&quot;id&quot;:1449,&quot;url&quot;:&quot;https:\\\/\\\/www.oxygendevelopment.eu\\\/wp-content\\\/uploads\\\/2026\\\/01\\\/7-south-korea.jpg&quot;}],&quot;background_slideshow_slide_duration&quot;:1000,&quot;background_slideshow_loop&quot;:&quot;yes&quot;,&quot;background_slideshow_slide_transition&quot;:&quot;fade&quot;,&quot;background_slideshow_transition_duration&quot;:500}\">\n\t\t\t\t\t<div class=\"e-con-inner\">\n\t\t\t\t\t<\/div>\n\t\t\t\t<\/div>\n\t\t<div class=\"elementor-element elementor-element-2d43b62 animated-slow e-flex e-con-boxed elementor-invisible e-con e-child\" data-id=\"2d43b62\" data-element_type=\"container\" data-settings=\"{&quot;background_background&quot;:&quot;classic&quot;,&quot;animation&quot;:&quot;fadeIn&quot;,&quot;animation_delay&quot;:400}\">\n\t\t\t\t\t<div class=\"e-con-inner\">\n\t\t\t\t<div class=\"elementor-element elementor-element-8e4941d elementor-widget elementor-widget-heading\" data-id=\"8e4941d\" data-element_type=\"widget\" data-widget_type=\"heading.default\">\n\t\t\t\t<div class=\"elementor-widget-container\">\n\t\t\t\t\t<h3 class=\"elementor-heading-title elementor-size-default\">UNTERNEHMEN<\/h3>\t\t\t\t<\/div>\n\t\t\t\t<\/div>\n\t\t\t\t<div class=\"elementor-element elementor-element-e071624 scrollable-text elementor-widget elementor-widget-text-editor\" data-id=\"e071624\" data-element_type=\"widget\" data-widget_type=\"text-editor.default\">\n\t\t\t\t<div class=\"elementor-widget-container\">\n\t\t\t\t\t\t\t\t\t<p>Oxygen Development ist ein f\u00fchrender Private-Label-Hersteller und Dienstleister f\u00fcr Sch\u00f6nheits- und Wellnessprodukte. Unser hochmoderner, 35.000m<sup>2<\/sup> gro\u00dfer Hauptsitz in S\u00fcdflorida ist eine FDA\/OTC-zugelassene Produktions- und Lagerst\u00e4tte und seine umfangreichen Produktionskapazit\u00e4ten in der dekorativen Kosmetik unterst\u00fctzen die erfolgreiche Wachstumsstrategie des Unternehmens.<br \/>Dieser Expansionspfad f\u00fchrte zu der Care-Full Colors Kosmetik Produktions GmbH, einem traditionellen, f\u00fchrenden Private-Label-Hersteller von dekorativer Kosmetik mit Sitz in Burgwedel, Deutschland.<\/p><p>Das Unternehmen wurde 1975 von der amerikanischen Firma Cosmolab gegr\u00fcndet und 1991 von Herrn Kurt Pilchowski \u00fcbernommen. In dieser Zeit entwickelte sich das Gesch\u00e4ft erheblich und das Unternehmen wurde zu einem wichtigen Partner verschiedener europ\u00e4ischer Kosmetikunternehmen.<\/p><p>Am 1. September 2015 gab Oxygen Development die \u00dcbernahme der Mehrheitsanteile an der Care-Full Colors Kosmetik Produktions GmbH bekannt. Dies war der erste Schritt auf dem Weg zu Oxygen Development Europe und einem wachsendem und erfolgreichem Gesch\u00e4ft. Der Erfolg basiert auf einem starken technologischen Hintergrund, dem Fokus auf erstklassiger Produktqualit\u00e4t und Kundenservice sowie dem Engagement, die Markteinf\u00fchrungszeit zu verk\u00fcrzen. Als zuverl\u00e4ssiger Gesch\u00e4ftspartner haben wir einige Prozesse eingeleitet, um unsere Kunden und ihre Gesch\u00e4ftsentwicklung weiter zu unterst\u00fctzen: Erh\u00f6hung der Produktions- und Montagekapazit\u00e4ten, Installation eines neuen Lager- und Supply-Chain-Management-Systems, Verbesserung der Supply-Chain-Steuerung und -Planung.<\/p><p>Zum 1. Mai 2018 haben wir Prodak Kosmetik, einen traditionellen, f\u00fchrenden Abf\u00fcller und Konfektion\u00e4r von Farbkosmetik mit Sitz in Walbrzych (Polen), \u00fcbernommen und am 1. Juli 2018 in Oxygen Development Europe &#8211; Polen umfirmiert. Dies war ein weiterer Schritt nach vorne, um das Produkt- und Dienstleistungsportfolio von Oxygen Development rund um die Montage zu erweitern und damit die Gesamtkapazit\u00e4ten und die Flexibilit\u00e4t zu erh\u00f6hen.<\/p><p>Das Unternehmen er\u00f6ffnete 2017 ein fortschrittliches Forschungs- und Innovationszentrum in Italien mit dem Namen Oxygen Innovation und zog 2023 in eine neue, 1.900m<sup>2<\/sup> gro\u00dfe Fl\u00e4che um. Ein hochqualifiziertes Forschungs- und Innovationsteam, das sich der Entwicklung modernster Technologien und neuer Produktkonzepte widmet, die die Landschaft der Sch\u00f6nheitsindustrie pr\u00e4gen werden nahm hier Einzug. Das Unternehmen plant eine Vergr\u00f6\u00dferung der Fl\u00e4che auf 4.400m<sup>2 <\/sup>und damit die Errichtung einer Make-Up Produktionsst\u00e4tte.<\/p>\t\t\t\t\t\t\t\t<\/div>\n\t\t\t\t<\/div>\n\t\t\t\t\t<\/div>\n\t\t\t\t<\/div>\n\t\t\t\t<\/div>\n\t\t<div class=\"elementor-element elementor-element-367dd2b e-con-full elementor-hidden-desktop e-flex e-con e-child\" data-id=\"367dd2b\" data-element_type=\"container\">\n\t\t<div class=\"elementor-element elementor-element-051ee9a animated-slow e-flex e-con-boxed elementor-invisible e-con e-child\" data-id=\"051ee9a\" data-element_type=\"container\" data-settings=\"{&quot;background_background&quot;:&quot;classic&quot;,&quot;animation&quot;:&quot;fadeIn&quot;,&quot;animation_delay&quot;:300}\">\n\t\t\t\t\t<div class=\"e-con-inner\">\n\t\t<div class=\"elementor-element elementor-element-1e3de25 animated-slow e-flex e-con-boxed elementor-invisible e-con e-child\" data-id=\"1e3de25\" data-element_type=\"container\" data-settings=\"{&quot;background_background&quot;:&quot;slideshow&quot;,&quot;animation&quot;:&quot;fadeIn&quot;,&quot;animation_delay&quot;:400,&quot;background_slideshow_gallery&quot;:[{&quot;id&quot;:1431,&quot;url&quot;:&quot;https:\\\/\\\/www.oxygendevelopment.eu\\\/wp-content\\\/uploads\\\/2026\\\/01\\\/1-italy.jpg&quot;},{&quot;id&quot;:1434,&quot;url&quot;:&quot;https:\\\/\\\/www.oxygendevelopment.eu\\\/wp-content\\\/uploads\\\/2026\\\/01\\\/2-germany.jpg&quot;},{&quot;id&quot;:1437,&quot;url&quot;:&quot;https:\\\/\\\/www.oxygendevelopment.eu\\\/wp-content\\\/uploads\\\/2026\\\/01\\\/3-usa.jpg&quot;},{&quot;id&quot;:1440,&quot;url&quot;:&quot;https:\\\/\\\/www.oxygendevelopment.eu\\\/wp-content\\\/uploads\\\/2026\\\/01\\\/4-usa-2.jpg&quot;},{&quot;id&quot;:1562,&quot;url&quot;:&quot;https:\\\/\\\/www.oxygendevelopment.eu\\\/wp-content\\\/uploads\\\/2026\\\/03\\\/Poland-buildings-2-scaled.jpg&quot;},{&quot;id&quot;:1446,&quot;url&quot;:&quot;https:\\\/\\\/www.oxygendevelopment.eu\\\/wp-content\\\/uploads\\\/2026\\\/01\\\/6-dominican-republic.jpg&quot;},{&quot;id&quot;:1449,&quot;url&quot;:&quot;https:\\\/\\\/www.oxygendevelopment.eu\\\/wp-content\\\/uploads\\\/2026\\\/01\\\/7-south-korea.jpg&quot;}],&quot;background_slideshow_slide_duration&quot;:1000,&quot;background_slideshow_loop&quot;:&quot;yes&quot;,&quot;background_slideshow_slide_transition&quot;:&quot;fade&quot;,&quot;background_slideshow_transition_duration&quot;:500}\">\n\t\t\t\t\t<div class=\"e-con-inner\">\n\t\t\t\t\t<\/div>\n\t\t\t\t<\/div>\n\t\t<div class=\"elementor-element elementor-element-0b49122 animated-slow e-flex e-con-boxed elementor-invisible e-con e-child\" data-id=\"0b49122\" data-element_type=\"container\" data-settings=\"{&quot;background_background&quot;:&quot;classic&quot;,&quot;animation&quot;:&quot;fadeIn&quot;,&quot;animation_delay&quot;:400}\">\n\t\t\t\t\t<div class=\"e-con-inner\">\n\t\t\t\t<div class=\"elementor-element elementor-element-fde1994 elementor-widget elementor-widget-heading\" data-id=\"fde1994\" data-element_type=\"widget\" data-widget_type=\"heading.default\">\n\t\t\t\t<div class=\"elementor-widget-container\">\n\t\t\t\t\t<h3 class=\"elementor-heading-title elementor-size-default\">UNTERNEHMEN<\/h3>\t\t\t\t<\/div>\n\t\t\t\t<\/div>\n\t\t\t\t<div class=\"elementor-element elementor-element-29ceef0 scrollable-text elementor-widget elementor-widget-text-editor\" data-id=\"29ceef0\" data-element_type=\"widget\" data-widget_type=\"text-editor.default\">\n\t\t\t\t<div class=\"elementor-widget-container\">\n\t\t\t\t\t\t\t\t\t<p>Oxygen Development ist ein f\u00fchrender Private-Label-Hersteller und Dienstleister f\u00fcr Sch\u00f6nheits- und Wellnessprodukte. Unser hochmoderner, 35.000m<sup>2<\/sup> gro\u00dfer Hauptsitz in S\u00fcdflorida ist eine FDA\/OTC-zugelassene Produktions- und Lagerst\u00e4tte und seine umfangreichen Produktionskapazit\u00e4ten in der dekorativen Kosmetik unterst\u00fctzen die erfolgreiche Wachstumsstrategie des Unternehmens.<br \/>Dieser Expansionspfad f\u00fchrte zu der Care-Full Colors Kosmetik Produktions GmbH, einem traditionellen, f\u00fchrenden Private-Label-Hersteller von dekorativer Kosmetik mit Sitz in Burgwedel, Deutschland.<\/p><p>Das Unternehmen wurde 1975 von der amerikanischen Firma Cosmolab gegr\u00fcndet und 1991 von Herrn Kurt Pilchowski \u00fcbernommen. In dieser Zeit entwickelte sich das Gesch\u00e4ft erheblich und das Unternehmen wurde zu einem wichtigen Partner verschiedener europ\u00e4ischer Kosmetikunternehmen.<\/p><p>Am 1. September 2015 gab Oxygen Development die \u00dcbernahme der Mehrheitsanteile an der Care-Full Colors Kosmetik Produktions GmbH bekannt. Dies war der erste Schritt auf dem Weg zu Oxygen Development Europe und einem wachsendem und erfolgreichem Gesch\u00e4ft. Der Erfolg basiert auf einem starken technologischen Hintergrund, dem Fokus auf erstklassiger Produktqualit\u00e4t und Kundenservice sowie dem Engagement, die Markteinf\u00fchrungszeit zu verk\u00fcrzen. Als zuverl\u00e4ssiger Gesch\u00e4ftspartner haben wir einige Prozesse eingeleitet, um unsere Kunden und ihre Gesch\u00e4ftsentwicklung weiter zu unterst\u00fctzen: Erh\u00f6hung der Produktions- und Montagekapazit\u00e4ten, Installation eines neuen Lager- und Supply-Chain-Management-Systems, Verbesserung der Supply-Chain-Steuerung und -Planung.<\/p><p>Zum 1. Mai 2018 haben wir Prodak Kosmetik, einen traditionellen, f\u00fchrenden Abf\u00fcller und Konfektion\u00e4r von Farbkosmetik mit Sitz in Walbrzych (Polen), \u00fcbernommen und am 1. Juli 2018 in Oxygen Development Europe &#8211; Polen umfirmiert. Dies war ein weiterer Schritt nach vorne, um das Produkt- und Dienstleistungsportfolio von Oxygen Development rund um die Montage zu erweitern und damit die Gesamtkapazit\u00e4ten und die Flexibilit\u00e4t zu erh\u00f6hen.<\/p><p>Das Unternehmen er\u00f6ffnete 2017 ein fortschrittliches Forschungs- und Innovationszentrum in Italien mit dem Namen Oxygen Innovation und zog 2023 in eine neue, 1.900m<sup>2<\/sup> gro\u00dfe Fl\u00e4che um. Ein hochqualifiziertes Forschungs- und Innovationsteam, das sich der Entwicklung modernster Technologien und neuer Produktkonzepte widmet, die die Landschaft der Sch\u00f6nheitsindustrie pr\u00e4gen werden nahm hier Einzug. Das Unternehmen plant eine Vergr\u00f6\u00dferung der Fl\u00e4che auf 4.400m<sup>2 <\/sup>und damit die Errichtung einer Make-Up Produktionsst\u00e4tte.<\/p>\t\t\t\t\t\t\t\t<\/div>\n\t\t\t\t<\/div>\n\t\t\t\t\t<\/div>\n\t\t\t\t<\/div>\n\t\t\t\t\t<\/div>\n\t\t\t\t<\/div>\n\t\t\t\t<\/div>\n\t\t\t\t\t<\/div>\n\t\t\t\t<\/div>\n\t\t\t\t<\/div>\n\t\t","protected":false},"excerpt":{"rendered":"<p>UNTERNEHMEN Oxygen Development ist ein f\u00fchrender Private-Label-Hersteller und Dienstleister f\u00fcr Sch\u00f6nheits- und Wellnessprodukte. Unser hochmoderner, 35.000m2 gro\u00dfer Hauptsitz in S\u00fcdflorida ist eine FDA\/OTC-zugelassene Produktions- und Lagerst\u00e4tte und seine umfangreichen Produktionskapazit\u00e4ten in der dekorativen Kosmetik unterst\u00fctzen die erfolgreiche Wachstumsstrategie des Unternehmens.Dieser Expansionspfad f\u00fchrte zu der Care-Full Colors Kosmetik Produktions GmbH, einem traditionellen, f\u00fchrenden Private-Label-Hersteller von dekorativer [&hellip;]<\/p>\n","protected":false},"author":1,"featured_media":0,"parent":0,"menu_order":0,"comment_status":"closed","ping_status":"closed","template":"","meta":{"site-sidebar-layout":"no-sidebar","site-content-layout":"","ast-site-content-layout":"full-width-container","site-content-style":"default","site-sidebar-style":"default","ast-global-header-display":"","ast-banner-title-visibility":"","ast-main-header-display":"","ast-hfb-above-header-display":"","ast-hfb-below-header-display":"","ast-hfb-mobile-header-display":"","site-post-title":"disabled","ast-breadcrumbs-content":"","ast-featured-img":"disabled","footer-sml-layout":"","theme-transparent-header-meta":"","adv-header-id-meta":"","stick-header-meta":"","header-above-stick-meta":"","header-main-stick-meta":"","header-below-stick-meta":"","astra-migrate-meta-layouts":"default","ast-page-background-enabled":"default","ast-page-background-meta":{"desktop":{"background-color":"var(--ast-global-color-4)","background-image":"","background-repeat":"repeat","background-position":"center center","background-size":"auto","background-attachment":"scroll","background-type":"","background-media":"","overlay-type":"","overlay-color":"","overlay-opacity":"","overlay-gradient":""},"tablet":{"background-color":"","background-image":"","background-repeat":"repeat","background-position":"center center","background-size":"auto","background-attachment":"scroll","background-type":"","background-media":"","overlay-type":"","overlay-color":"","overlay-opacity":"","overlay-gradient":""},"mobile":{"background-color":"","background-image":"","background-repeat":"repeat","background-position":"center center","background-size":"auto","background-attachment":"scroll","background-type":"","background-media":"","overlay-type":"","overlay-color":"","overlay-opacity":"","overlay-gradient":""}},"ast-content-background-meta":{"desktop":{"background-color":"var(--ast-global-color-5)","background-image":"","background-repeat":"repeat","background-position":"center center","background-size":"auto","background-attachment":"scroll","background-type":"","background-media":"","overlay-type":"","overlay-color":"","overlay-opacity":"","overlay-gradient":""},"tablet":{"background-color":"var(--ast-global-color-5)","background-image":"","background-repeat":"repeat","background-position":"center center","background-size":"auto","background-attachment":"scroll","background-type":"","background-media":"","overlay-type":"","overlay-color":"","overlay-opacity":"","overlay-gradient":""},"mobile":{"background-color":"var(--ast-global-color-5)","background-image":"","background-repeat":"repeat","background-position":"center center","background-size":"auto","background-attachment":"scroll","background-type":"","background-media":"","overlay-type":"","overlay-color":"","overlay-opacity":"","overlay-gradient":""}},"footnotes":""},"class_list":["post-977","page","type-page","status-publish","hentry"],"_links":{"self":[{"href":"https:\/\/www.oxygendevelopment.eu\/de\/wp-json\/wp\/v2\/pages\/977","targetHints":{"allow":["GET"]}}],"collection":[{"href":"https:\/\/www.oxygendevelopment.eu\/de\/wp-json\/wp\/v2\/pages"}],"about":[{"href":"https:\/\/www.oxygendevelopment.eu\/de\/wp-json\/wp\/v2\/types\/page"}],"author":[{"embeddable":true,"href":"https:\/\/www.oxygendevelopment.eu\/de\/wp-json\/wp\/v2\/users\/1"}],"replies":[{"embeddable":true,"href":"https:\/\/www.oxygendevelopment.eu\/de\/wp-json\/wp\/v2\/comments?post=977"}],"version-history":[{"count":42,"href":"https:\/\/www.oxygendevelopment.eu\/de\/wp-json\/wp\/v2\/pages\/977\/revisions"}],"predecessor-version":[{"id":1569,"href":"https:\/\/www.oxygendevelopment.eu\/de\/wp-json\/wp\/v2\/pages\/977\/revisions\/1569"}],"wp:attachment":[{"href":"https:\/\/www.oxygendevelopment.eu\/de\/wp-json\/wp\/v2\/media?parent=977"}],"curies":[{"name":"wp","href":"https:\/\/api.w.org\/{rel}","templated":true}]}}